{"id":11,"date":"2016-01-18T06:51:54","date_gmt":"2016-01-18T06:51:54","guid":{"rendered":"http:\/\/www.heinojadesign.com\/?page_id=11"},"modified":"2022-02-28T07:36:23","modified_gmt":"2022-02-28T07:36:23","slug":"arkiasut","status":"publish","type":"page","link":"https:\/\/www.heinojadesign.com\/?page_id=11","title":{"rendered":"Arkiasut"},"content":{"rendered":"\n<h1 class=\"wp-block-heading\">Itseluottamusta arkeen uudesta asusta<\/h1>\n\n\n\n<hr class=\"wp-block-separator is-style-wide\"\/>\n\n\n\n<p>Haluatko uuden asun toimistoon? Onko vanha jakkupukusi jo j\u00e4\u00e4m\u00e4ss\u00e4 el\u00e4kkeelle. Tule Heinoja Designiin tutustumaan liikkeess\u00e4 oleviin tuotteisiin. Jos liikkeess\u00e4 ihastut johonkin malliin, mutta kangas ei ehk\u00e4 ole mieluinen, niin ei h\u00e4t\u00e4\u00e4. Valitse uusi kangas ja teemme sinulle mittojen mukaan saman mallisen tuotteetn. Tule tutustumaan tuotteisiin ja pyyd\u00e4 tarjous.<\/p>\n\n\n\n<div style=\"height:60px\" aria-hidden=\"true\" class=\"wp-block-spacer\"><\/div>\n\n\n\n<figure class=\"wp-block-gallery alignwide has-nested-images columns-7 is-cropped wp-block-gallery-1 is-layout-flex wp-block-gallery-is-layout-flex\">\n<figure class=\"wp-block-image size-large\"><a href=\"https:\/\/www.heinojadesign.com\/wp-content\/uploads\/2021\/09\/IMG_20210820_141034MP-2.jpg-2.jpg\"><img loading=\"lazy\" decoding=\"async\" width=\"225\" height=\"300\" data-id=\"338\" src=\"https:\/\/www.heinojadesign.com\/wp-content\/uploads\/2021\/09\/IMG_20210820_141034MP-2.jpg-2-225x300.jpg\" alt=\"\" class=\"wp-image-338\" srcset=\"https:\/\/www.heinojadesign.com\/wp-content\/uploads\/2021\/09\/IMG_20210820_141034MP-2.jpg-2-225x300.jpg 225w, https:\/\/www.heinojadesign.com\/wp-content\/uploads\/2021\/09\/IMG_20210820_141034MP-2.jpg-2-416x555.jpg 416w, https:\/\/www.heinojadesign.com\/wp-content\/uploads\/2021\/09\/IMG_20210820_141034MP-2.jpg-2-109x146.jpg 109w, https:\/\/www.heinojadesign.com\/wp-content\/uploads\/2021\/09\/IMG_20210820_141034MP-2.jpg-2-37x50.jpg 37w, https:\/\/www.heinojadesign.com\/wp-content\/uploads\/2021\/09\/IMG_20210820_141034MP-2.jpg-2-56x75.jpg 56w, https:\/\/www.heinojadesign.com\/wp-content\/uploads\/2021\/09\/IMG_20210820_141034MP-2.jpg-2.jpg 443w\" sizes=\"auto, (max-width: 225px) 100vw, 225px\" \/><\/a><\/figure>\n\n\n\n<figure class=\"wp-block-image size-large\"><a href=\"https:\/\/www.heinojadesign.com\/wp-content\/uploads\/2021\/09\/FB_IMG_1632658221879.jpg2_.jpg\"><img loading=\"lazy\" decoding=\"async\" width=\"300\" height=\"300\" data-id=\"340\" src=\"https:\/\/www.heinojadesign.com\/wp-content\/uploads\/2021\/09\/FB_IMG_1632658221879.jpg2_-300x300.jpg\" alt=\"\" class=\"wp-image-340\" srcset=\"https:\/\/www.heinojadesign.com\/wp-content\/uploads\/2021\/09\/FB_IMG_1632658221879.jpg2_-300x300.jpg 300w, https:\/\/www.heinojadesign.com\/wp-content\/uploads\/2021\/09\/FB_IMG_1632658221879.jpg2_-324x324.jpg 324w, https:\/\/www.heinojadesign.com\/wp-content\/uploads\/2021\/09\/FB_IMG_1632658221879.jpg2_-100x100.jpg 100w, https:\/\/www.heinojadesign.com\/wp-content\/uploads\/2021\/09\/FB_IMG_1632658221879.jpg2_-416x416.jpg 416w, https:\/\/www.heinojadesign.com\/wp-content\/uploads\/2021\/09\/FB_IMG_1632658221879.jpg2_-150x150.jpg 150w, https:\/\/www.heinojadesign.com\/wp-content\/uploads\/2021\/09\/FB_IMG_1632658221879.jpg2_-146x146.jpg 146w, https:\/\/www.heinojadesign.com\/wp-content\/uploads\/2021\/09\/FB_IMG_1632658221879.jpg2_-50x50.jpg 50w, https:\/\/www.heinojadesign.com\/wp-content\/uploads\/2021\/09\/FB_IMG_1632658221879.jpg2_-80x80.jpg 80w, https:\/\/www.heinojadesign.com\/wp-content\/uploads\/2021\/09\/FB_IMG_1632658221879.jpg2_-75x75.jpg 75w, https:\/\/www.heinojadesign.com\/wp-content\/uploads\/2021\/09\/FB_IMG_1632658221879.jpg2_-85x85.jpg 85w, https:\/\/www.heinojadesign.com\/wp-content\/uploads\/2021\/09\/FB_IMG_1632658221879.jpg2_.jpg 512w\" sizes=\"auto, (max-width: 300px) 100vw, 300px\" \/><\/a><\/figure>\n\n\n\n<figure class=\"wp-block-image size-large\"><a href=\"https:\/\/www.heinojadesign.com\/wp-content\/uploads\/2021\/09\/IMG_20210621_105947MP-2.jpg2_.jpg\"><img loading=\"lazy\" decoding=\"async\" width=\"225\" height=\"300\" data-id=\"335\" src=\"https:\/\/www.heinojadesign.com\/wp-content\/uploads\/2021\/09\/IMG_20210621_105947MP-2.jpg2_-225x300.jpg\" alt=\"\" class=\"wp-image-335\" srcset=\"https:\/\/www.heinojadesign.com\/wp-content\/uploads\/2021\/09\/IMG_20210621_105947MP-2.jpg2_-225x300.jpg 225w, https:\/\/www.heinojadesign.com\/wp-content\/uploads\/2021\/09\/IMG_20210621_105947MP-2.jpg2_-416x555.jpg 416w, https:\/\/www.heinojadesign.com\/wp-content\/uploads\/2021\/09\/IMG_20210621_105947MP-2.jpg2_-109x146.jpg 109w, https:\/\/www.heinojadesign.com\/wp-content\/uploads\/2021\/09\/IMG_20210621_105947MP-2.jpg2_-37x50.jpg 37w, https:\/\/www.heinojadesign.com\/wp-content\/uploads\/2021\/09\/IMG_20210621_105947MP-2.jpg2_-56x75.jpg 56w, https:\/\/www.heinojadesign.com\/wp-content\/uploads\/2021\/09\/IMG_20210621_105947MP-2.jpg2_.jpg 443w\" sizes=\"auto, (max-width: 225px) 100vw, 225px\" \/><\/a><\/figure>\n\n\n\n<figure class=\"wp-block-image size-large\"><a href=\"https:\/\/www.heinojadesign.com\/wp-content\/uploads\/2018\/04\/WP_20161103_002copy.jpg\"><img loading=\"lazy\" decoding=\"async\" width=\"169\" height=\"300\" data-id=\"268\" src=\"https:\/\/www.heinojadesign.com\/wp-content\/uploads\/2018\/04\/WP_20161103_002copy-169x300.jpg\" alt=\"\" class=\"wp-image-268\" srcset=\"https:\/\/www.heinojadesign.com\/wp-content\/uploads\/2018\/04\/WP_20161103_002copy-169x300.jpg 169w, https:\/\/www.heinojadesign.com\/wp-content\/uploads\/2018\/04\/WP_20161103_002copy-416x738.jpg 416w, https:\/\/www.heinojadesign.com\/wp-content\/uploads\/2018\/04\/WP_20161103_002copy-82x146.jpg 82w, https:\/\/www.heinojadesign.com\/wp-content\/uploads\/2018\/04\/WP_20161103_002copy-28x50.jpg 28w, https:\/\/www.heinojadesign.com\/wp-content\/uploads\/2018\/04\/WP_20161103_002copy-42x75.jpg 42w, https:\/\/www.heinojadesign.com\/wp-content\/uploads\/2018\/04\/WP_20161103_002copy.jpg 422w\" sizes=\"auto, (max-width: 169px) 100vw, 169px\" \/><\/a><\/figure>\n\n\n\n<figure class=\"wp-block-image size-large\"><a href=\"https:\/\/www.heinojadesign.com\/wp-content\/uploads\/2018\/04\/IMG_20171117_110203copy.jpg\"><img loading=\"lazy\" decoding=\"async\" width=\"225\" height=\"300\" data-id=\"263\" src=\"https:\/\/www.heinojadesign.com\/wp-content\/uploads\/2018\/04\/IMG_20171117_110203copy-225x300.jpg\" alt=\"\" class=\"wp-image-263\" srcset=\"https:\/\/www.heinojadesign.com\/wp-content\/uploads\/2018\/04\/IMG_20171117_110203copy-225x300.jpg 225w, https:\/\/www.heinojadesign.com\/wp-content\/uploads\/2018\/04\/IMG_20171117_110203copy-416x555.jpg 416w, https:\/\/www.heinojadesign.com\/wp-content\/uploads\/2018\/04\/IMG_20171117_110203copy-109x146.jpg 109w, https:\/\/www.heinojadesign.com\/wp-content\/uploads\/2018\/04\/IMG_20171117_110203copy-37x50.jpg 37w, https:\/\/www.heinojadesign.com\/wp-content\/uploads\/2018\/04\/IMG_20171117_110203copy.jpg 562w, https:\/\/www.heinojadesign.com\/wp-content\/uploads\/2018\/04\/IMG_20171117_110203copy-56x75.jpg 56w\" sizes=\"auto, (max-width: 225px) 100vw, 225px\" \/><\/a><\/figure>\n\n\n\n<figure class=\"wp-block-image size-large\"><a href=\"https:\/\/www.heinojadesign.com\/wp-content\/uploads\/2018\/04\/IMG_20171208_111328copy.jpg\"><img loading=\"lazy\" decoding=\"async\" width=\"225\" height=\"300\" data-id=\"250\" src=\"https:\/\/www.heinojadesign.com\/wp-content\/uploads\/2018\/04\/IMG_20171208_111328copy-225x300.jpg\" alt=\"\" class=\"wp-image-250\" srcset=\"https:\/\/www.heinojadesign.com\/wp-content\/uploads\/2018\/04\/IMG_20171208_111328copy-225x300.jpg 225w, https:\/\/www.heinojadesign.com\/wp-content\/uploads\/2018\/04\/IMG_20171208_111328copy-416x555.jpg 416w, https:\/\/www.heinojadesign.com\/wp-content\/uploads\/2018\/04\/IMG_20171208_111328copy-109x146.jpg 109w, https:\/\/www.heinojadesign.com\/wp-content\/uploads\/2018\/04\/IMG_20171208_111328copy-37x50.jpg 37w, https:\/\/www.heinojadesign.com\/wp-content\/uploads\/2018\/04\/IMG_20171208_111328copy.jpg 562w, https:\/\/www.heinojadesign.com\/wp-content\/uploads\/2018\/04\/IMG_20171208_111328copy-56x75.jpg 56w\" sizes=\"auto, (max-width: 225px) 100vw, 225px\" \/><\/a><\/figure>\n\n\n\n<figure class=\"wp-block-image size-large\"><a href=\"https:\/\/www.heinojadesign.com\/wp-content\/uploads\/2018\/04\/IMG_20180116_170001copy.jpg\"><img loading=\"lazy\" decoding=\"async\" width=\"225\" height=\"300\" data-id=\"253\" src=\"https:\/\/www.heinojadesign.com\/wp-content\/uploads\/2018\/04\/IMG_20180116_170001copy-225x300.jpg\" alt=\"\" class=\"wp-image-253\" srcset=\"https:\/\/www.heinojadesign.com\/wp-content\/uploads\/2018\/04\/IMG_20180116_170001copy-225x300.jpg 225w, https:\/\/www.heinojadesign.com\/wp-content\/uploads\/2018\/04\/IMG_20180116_170001copy-416x555.jpg 416w, https:\/\/www.heinojadesign.com\/wp-content\/uploads\/2018\/04\/IMG_20180116_170001copy-109x146.jpg 109w, https:\/\/www.heinojadesign.com\/wp-content\/uploads\/2018\/04\/IMG_20180116_170001copy-37x50.jpg 37w, https:\/\/www.heinojadesign.com\/wp-content\/uploads\/2018\/04\/IMG_20180116_170001copy.jpg 562w, https:\/\/www.heinojadesign.com\/wp-content\/uploads\/2018\/04\/IMG_20180116_170001copy-56x75.jpg 56w\" sizes=\"auto, (max-width: 225px) 100vw, 225px\" \/><\/a><\/figure>\n\n\n\n<figure class=\"wp-block-image size-large\"><a href=\"https:\/\/www.heinojadesign.com\/wp-content\/uploads\/2016\/02\/WP_20151214_002pieni.jpg\"><img loading=\"lazy\" decoding=\"async\" width=\"169\" height=\"300\" data-id=\"208\" src=\"https:\/\/www.heinojadesign.com\/wp-content\/uploads\/2016\/02\/WP_20151214_002pieni-169x300.jpg\" alt=\"\" class=\"wp-image-208\" srcset=\"https:\/\/www.heinojadesign.com\/wp-content\/uploads\/2016\/02\/WP_20151214_002pieni-169x300.jpg 169w, https:\/\/www.heinojadesign.com\/wp-content\/uploads\/2016\/02\/WP_20151214_002pieni-416x739.jpg 416w, https:\/\/www.heinojadesign.com\/wp-content\/uploads\/2016\/02\/WP_20151214_002pieni-82x146.jpg 82w, https:\/\/www.heinojadesign.com\/wp-content\/uploads\/2016\/02\/WP_20151214_002pieni-28x50.jpg 28w, https:\/\/www.heinojadesign.com\/wp-content\/uploads\/2016\/02\/WP_20151214_002pieni.jpg 422w, https:\/\/www.heinojadesign.com\/wp-content\/uploads\/2016\/02\/WP_20151214_002pieni-42x75.jpg 42w\" sizes=\"auto, (max-width: 169px) 100vw, 169px\" \/><\/a><\/figure>\n\n\n\n<figure class=\"wp-block-image size-large\"><a href=\"https:\/\/www.heinojadesign.com\/wp-content\/uploads\/2016\/02\/WP_20160209_003pieni.jpg\"><img loading=\"lazy\" decoding=\"async\" width=\"169\" height=\"300\" data-id=\"200\" src=\"https:\/\/www.heinojadesign.com\/wp-content\/uploads\/2016\/02\/WP_20160209_003pieni-169x300.jpg\" alt=\"\" class=\"wp-image-200\" srcset=\"https:\/\/www.heinojadesign.com\/wp-content\/uploads\/2016\/02\/WP_20160209_003pieni-169x300.jpg 169w, https:\/\/www.heinojadesign.com\/wp-content\/uploads\/2016\/02\/WP_20160209_003pieni-416x739.jpg 416w, https:\/\/www.heinojadesign.com\/wp-content\/uploads\/2016\/02\/WP_20160209_003pieni-82x146.jpg 82w, https:\/\/www.heinojadesign.com\/wp-content\/uploads\/2016\/02\/WP_20160209_003pieni-28x50.jpg 28w, https:\/\/www.heinojadesign.com\/wp-content\/uploads\/2016\/02\/WP_20160209_003pieni.jpg 422w, https:\/\/www.heinojadesign.com\/wp-content\/uploads\/2016\/02\/WP_20160209_003pieni-42x75.jpg 42w\" sizes=\"auto, (max-width: 169px) 100vw, 169px\" \/><\/a><\/figure>\n\n\n\n<figure class=\"wp-block-image size-large\"><a href=\"https:\/\/www.heinojadesign.com\/wp-content\/uploads\/2016\/02\/ruutumekko.jpg\"><img loading=\"lazy\" decoding=\"async\" width=\"169\" height=\"300\" data-id=\"187\" src=\"https:\/\/www.heinojadesign.com\/wp-content\/uploads\/2016\/02\/ruutumekko-169x300.jpg\" alt=\"\" class=\"wp-image-187\" srcset=\"https:\/\/www.heinojadesign.com\/wp-content\/uploads\/2016\/02\/ruutumekko-169x300.jpg 169w, https:\/\/www.heinojadesign.com\/wp-content\/uploads\/2016\/02\/ruutumekko-416x739.jpg 416w, https:\/\/www.heinojadesign.com\/wp-content\/uploads\/2016\/02\/ruutumekko-82x146.jpg 82w, https:\/\/www.heinojadesign.com\/wp-content\/uploads\/2016\/02\/ruutumekko-28x50.jpg 28w, https:\/\/www.heinojadesign.com\/wp-content\/uploads\/2016\/02\/ruutumekko-42x75.jpg 42w, https:\/\/www.heinojadesign.com\/wp-content\/uploads\/2016\/02\/ruutumekko.jpg 546w\" sizes=\"auto, (max-width: 169px) 100vw, 169px\" \/><\/a><\/figure>\n\n\n\n<figure class=\"wp-block-image size-large\"><a href=\"https:\/\/www.heinojadesign.com\/wp-content\/uploads\/2016\/01\/2014-01-27-236-scaled.jpg\"><img loading=\"lazy\" decoding=\"async\" width=\"575\" height=\"1024\" data-id=\"44\" src=\"https:\/\/www.heinojadesign.com\/wp-content\/uploads\/2016\/01\/2014-01-27-236-575x1024.jpg\" alt=\"\" class=\"wp-image-44\" srcset=\"https:\/\/www.heinojadesign.com\/wp-content\/uploads\/2016\/01\/2014-01-27-236-575x1024.jpg 575w, https:\/\/www.heinojadesign.com\/wp-content\/uploads\/2016\/01\/2014-01-27-236-scaled-416x740.jpg 416w, https:\/\/www.heinojadesign.com\/wp-content\/uploads\/2016\/01\/2014-01-27-236-169x300.jpg 169w, https:\/\/www.heinojadesign.com\/wp-content\/uploads\/2016\/01\/2014-01-27-236-768x1367.jpg 768w, https:\/\/www.heinojadesign.com\/wp-content\/uploads\/2016\/01\/2014-01-27-236-82x146.jpg 82w, https:\/\/www.heinojadesign.com\/wp-content\/uploads\/2016\/01\/2014-01-27-236-28x50.jpg 28w, https:\/\/www.heinojadesign.com\/wp-content\/uploads\/2016\/01\/2014-01-27-236-42x75.jpg 42w, https:\/\/www.heinojadesign.com\/wp-content\/uploads\/2016\/01\/2014-01-27-236-scaled.jpg 1439w\" sizes=\"auto, (max-width: 575px) 100vw, 575px\" \/><\/a><\/figure>\n\n\n\n<figure class=\"wp-block-image size-large\"><a href=\"https:\/\/www.heinojadesign.com\/wp-content\/uploads\/2016\/01\/2014-03-13-258-scaled.jpg\"><img loading=\"lazy\" decoding=\"async\" width=\"575\" height=\"1024\" data-id=\"45\" src=\"https:\/\/www.heinojadesign.com\/wp-content\/uploads\/2016\/01\/2014-03-13-258-575x1024.jpg\" alt=\"\" class=\"wp-image-45\" srcset=\"https:\/\/www.heinojadesign.com\/wp-content\/uploads\/2016\/01\/2014-03-13-258-575x1024.jpg 575w, https:\/\/www.heinojadesign.com\/wp-content\/uploads\/2016\/01\/2014-03-13-258-scaled-416x740.jpg 416w, https:\/\/www.heinojadesign.com\/wp-content\/uploads\/2016\/01\/2014-03-13-258-169x300.jpg 169w, https:\/\/www.heinojadesign.com\/wp-content\/uploads\/2016\/01\/2014-03-13-258-768x1367.jpg 768w, https:\/\/www.heinojadesign.com\/wp-content\/uploads\/2016\/01\/2014-03-13-258-82x146.jpg 82w, https:\/\/www.heinojadesign.com\/wp-content\/uploads\/2016\/01\/2014-03-13-258-28x50.jpg 28w, https:\/\/www.heinojadesign.com\/wp-content\/uploads\/2016\/01\/2014-03-13-258-42x75.jpg 42w, https:\/\/www.heinojadesign.com\/wp-content\/uploads\/2016\/01\/2014-03-13-258-scaled.jpg 1439w\" sizes=\"auto, (max-width: 575px) 100vw, 575px\" \/><\/a><\/figure>\n\n\n\n<figure class=\"wp-block-image size-large\"><a href=\"https:\/\/www.heinojadesign.com\/wp-content\/uploads\/2016\/01\/2014-05-03-286-scaled.jpg\"><img loading=\"lazy\" decoding=\"async\" width=\"575\" height=\"1024\" data-id=\"46\" src=\"https:\/\/www.heinojadesign.com\/wp-content\/uploads\/2016\/01\/2014-05-03-286-575x1024.jpg\" alt=\"\" class=\"wp-image-46\" srcset=\"https:\/\/www.heinojadesign.com\/wp-content\/uploads\/2016\/01\/2014-05-03-286-575x1024.jpg 575w, https:\/\/www.heinojadesign.com\/wp-content\/uploads\/2016\/01\/2014-05-03-286-scaled-416x740.jpg 416w, https:\/\/www.heinojadesign.com\/wp-content\/uploads\/2016\/01\/2014-05-03-286-169x300.jpg 169w, https:\/\/www.heinojadesign.com\/wp-content\/uploads\/2016\/01\/2014-05-03-286-768x1367.jpg 768w, https:\/\/www.heinojadesign.com\/wp-content\/uploads\/2016\/01\/2014-05-03-286-82x146.jpg 82w, https:\/\/www.heinojadesign.com\/wp-content\/uploads\/2016\/01\/2014-05-03-286-28x50.jpg 28w, https:\/\/www.heinojadesign.com\/wp-content\/uploads\/2016\/01\/2014-05-03-286-42x75.jpg 42w, https:\/\/www.heinojadesign.com\/wp-content\/uploads\/2016\/01\/2014-05-03-286-scaled.jpg 1439w\" sizes=\"auto, (max-width: 575px) 100vw, 575px\" \/><\/a><\/figure>\n\n\n\n<figure class=\"wp-block-image size-large\"><a href=\"https:\/\/www.heinojadesign.com\/wp-content\/uploads\/2016\/01\/DSC04302-scaled.jpg\"><img loading=\"lazy\" decoding=\"async\" width=\"685\" height=\"1024\" data-id=\"52\" src=\"https:\/\/www.heinojadesign.com\/wp-content\/uploads\/2016\/01\/DSC04302-685x1024.jpg\" alt=\"\" class=\"wp-image-52\" srcset=\"https:\/\/www.heinojadesign.com\/wp-content\/uploads\/2016\/01\/DSC04302-685x1024.jpg 685w, https:\/\/www.heinojadesign.com\/wp-content\/uploads\/2016\/01\/DSC04302-scaled-416x621.jpg 416w, https:\/\/www.heinojadesign.com\/wp-content\/uploads\/2016\/01\/DSC04302-201x300.jpg 201w, https:\/\/www.heinojadesign.com\/wp-content\/uploads\/2016\/01\/DSC04302-768x1147.jpg 768w, https:\/\/www.heinojadesign.com\/wp-content\/uploads\/2016\/01\/DSC04302-98x146.jpg 98w, https:\/\/www.heinojadesign.com\/wp-content\/uploads\/2016\/01\/DSC04302-33x50.jpg 33w, https:\/\/www.heinojadesign.com\/wp-content\/uploads\/2016\/01\/DSC04302-50x75.jpg 50w, https:\/\/www.heinojadesign.com\/wp-content\/uploads\/2016\/01\/DSC04302-scaled.jpg 1714w\" sizes=\"auto, (max-width: 685px) 100vw, 685px\" \/><\/a><figcaption>SONY DSC<\/figcaption><\/figure>\n\n\n\n<figure class=\"wp-block-image size-large\"><a href=\"https:\/\/www.heinojadesign.com\/wp-content\/uploads\/2016\/01\/beigepaita.jpg\"><img loading=\"lazy\" decoding=\"async\" width=\"199\" height=\"300\" data-id=\"51\" src=\"https:\/\/www.heinojadesign.com\/wp-content\/uploads\/2016\/01\/beigepaita-199x300.jpg\" alt=\"\" class=\"wp-image-51\" srcset=\"https:\/\/www.heinojadesign.com\/wp-content\/uploads\/2016\/01\/beigepaita-199x300.jpg 199w, https:\/\/www.heinojadesign.com\/wp-content\/uploads\/2016\/01\/beigepaita-97x146.jpg 97w, https:\/\/www.heinojadesign.com\/wp-content\/uploads\/2016\/01\/beigepaita-33x50.jpg 33w, https:\/\/www.heinojadesign.com\/wp-content\/uploads\/2016\/01\/beigepaita-50x75.jpg 50w, https:\/\/www.heinojadesign.com\/wp-content\/uploads\/2016\/01\/beigepaita.jpg 331w\" sizes=\"auto, (max-width: 199px) 100vw, 199px\" \/><\/a><figcaption>SONY DSC<\/figcaption><\/figure>\n\n\n\n<figure class=\"wp-block-image size-large\"><a href=\"https:\/\/www.heinojadesign.com\/wp-content\/uploads\/2016\/01\/housuasu.jpg\"><img loading=\"lazy\" decoding=\"async\" width=\"162\" height=\"300\" data-id=\"55\" src=\"https:\/\/www.heinojadesign.com\/wp-content\/uploads\/2016\/01\/housuasu-162x300.jpg\" alt=\"\" class=\"wp-image-55\" srcset=\"https:\/\/www.heinojadesign.com\/wp-content\/uploads\/2016\/01\/housuasu-162x300.jpg 162w, https:\/\/www.heinojadesign.com\/wp-content\/uploads\/2016\/01\/housuasu-79x146.jpg 79w, https:\/\/www.heinojadesign.com\/wp-content\/uploads\/2016\/01\/housuasu-27x50.jpg 27w, https:\/\/www.heinojadesign.com\/wp-content\/uploads\/2016\/01\/housuasu-41x75.jpg 41w, https:\/\/www.heinojadesign.com\/wp-content\/uploads\/2016\/01\/housuasu.jpg 270w\" sizes=\"auto, (max-width: 162px) 100vw, 162px\" \/><\/a><figcaption>SONY DSC<\/figcaption><\/figure>\n\n\n\n<figure class=\"wp-block-image size-large\"><a href=\"https:\/\/www.heinojadesign.com\/wp-content\/uploads\/2016\/01\/liiviasu.jpg\"><img loading=\"lazy\" decoding=\"async\" width=\"187\" height=\"300\" data-id=\"62\" src=\"https:\/\/www.heinojadesign.com\/wp-content\/uploads\/2016\/01\/liiviasu-187x300.jpg\" alt=\"\" class=\"wp-image-62\" srcset=\"https:\/\/www.heinojadesign.com\/wp-content\/uploads\/2016\/01\/liiviasu-187x300.jpg 187w, https:\/\/www.heinojadesign.com\/wp-content\/uploads\/2016\/01\/liiviasu-416x669.jpg 416w, https:\/\/www.heinojadesign.com\/wp-content\/uploads\/2016\/01\/liiviasu-91x146.jpg 91w, https:\/\/www.heinojadesign.com\/wp-content\/uploads\/2016\/01\/liiviasu-31x50.jpg 31w, https:\/\/www.heinojadesign.com\/wp-content\/uploads\/2016\/01\/liiviasu-47x75.jpg 47w, https:\/\/www.heinojadesign.com\/wp-content\/uploads\/2016\/01\/liiviasu.jpg 600w\" sizes=\"auto, (max-width: 187px) 100vw, 187px\" \/><\/a><figcaption>SONY DSC<\/figcaption><\/figure>\n<\/figure>\n","protected":false},"excerpt":{"rendered":"<p>Itseluottamusta arkeen uudesta asusta Haluatko uuden asun toimistoon? Onko vanha jakkupukusi jo j\u00e4\u00e4m\u00e4ss\u00e4 el\u00e4kkeelle. Tule Heinoja Designiin tutustumaan liikkeess\u00e4 oleviin tuotteisiin. Jos liikkeess\u00e4 ihastut johonkin malliin, mutta kangas ei ehk\u00e4 ole mieluinen, niin ei h\u00e4t\u00e4\u00e4. Valitse uusi kangas ja teemme sinulle mittojen mukaan saman mallisen tuotteetn. Tule tutustumaan tuotteisiin ja pyyd\u00e4 tarjous.<\/p>\n","protected":false},"author":1,"featured_media":0,"parent":0,"menu_order":0,"comment_status":"closed","ping_status":"closed","template":"","meta":{"footnotes":""},"class_list":["post-11","page","type-page","status-publish","hentry"],"_links":{"self":[{"href":"https:\/\/www.heinojadesign.com\/index.php?rest_route=\/wp\/v2\/pages\/11","targetHints":{"allow":["GET"]}}],"collection":[{"href":"https:\/\/www.heinojadesign.com\/index.php?rest_route=\/wp\/v2\/pages"}],"about":[{"href":"https:\/\/www.heinojadesign.com\/index.php?rest_route=\/wp\/v2\/types\/page"}],"author":[{"embeddable":true,"href":"https:\/\/www.heinojadesign.com\/index.php?rest_route=\/wp\/v2\/users\/1"}],"replies":[{"embeddable":true,"href":"https:\/\/www.heinojadesign.com\/index.php?rest_route=%2Fwp%2Fv2%2Fcomments&post=11"}],"version-history":[{"count":12,"href":"https:\/\/www.heinojadesign.com\/index.php?rest_route=\/wp\/v2\/pages\/11\/revisions"}],"predecessor-version":[{"id":573,"href":"https:\/\/www.heinojadesign.com\/index.php?rest_route=\/wp\/v2\/pages\/11\/revisions\/573"}],"wp:attachment":[{"href":"https:\/\/www.heinojadesign.com\/index.php?rest_route=%2Fwp%2Fv2%2Fmedia&parent=11"}],"curies":[{"name":"wp","href":"https:\/\/api.w.org\/{rel}","templated":true}]}}