{"id":13,"date":"2016-01-18T06:52:28","date_gmt":"2016-01-18T06:52:28","guid":{"rendered":"http:\/\/www.heinojadesign.com\/?page_id=13"},"modified":"2022-02-28T07:41:18","modified_gmt":"2022-02-28T07:41:18","slug":"juhla-asut","status":"publish","type":"page","link":"https:\/\/www.heinojadesign.com\/?page_id=13","title":{"rendered":"Juhla-asut"},"content":{"rendered":"\n<h1 class=\"wp-block-heading\">S\u00e4ken\u00f6iv\u00e4n\u00e4 juhlaan, tyylikk\u00e4\u00e4n\u00e4 toimistoon<\/h1>\n\n\n\n<hr class=\"wp-block-separator is-style-wide\"\/>\n\n\n\n<p>Mekot, housupuvut, hameet, bolerot. Siin\u00e4 muutamia asuja, jotka saavat sinut s\u00e4ken\u00f6im\u00e4\u00e4n juhlissa tai tekem\u00e4\u00e4n vaikutuksen toimistossa. Sinulle mittojen mukaan tehty vaate istuu hyvin ja tuntuu p\u00e4\u00e4ll\u00e4 mukavalta. Kangas valitan toiveen mukaan, jolloin vaatteesta tulee sinulle juuri toiveiden mukainen. Sitten vain itsevarmana eteenp\u00e4in!<\/p>\n","protected":false},"excerpt":{"rendered":"<p>S\u00e4ken\u00f6iv\u00e4n\u00e4 juhlaan, tyylikk\u00e4\u00e4n\u00e4 toimistoon Mekot, housupuvut, hameet, bolerot. Siin\u00e4 muutamia asuja, jotka saavat sinut s\u00e4ken\u00f6im\u00e4\u00e4n juhlissa tai tekem\u00e4\u00e4n vaikutuksen toimistossa. Sinulle mittojen mukaan tehty vaate istuu hyvin ja tuntuu p\u00e4\u00e4ll\u00e4 mukavalta. Kangas valitan toiveen mukaan, jolloin vaatteesta tulee sinulle juuri toiveiden mukainen. Sitten vain itsevarmana eteenp\u00e4in!<\/p>\n","protected":false},"author":1,"featured_media":0,"parent":0,"menu_order":0,"comment_status":"closed","ping_status":"closed","template":"","meta":{"footnotes":""},"class_list":["post-13","page","type-page","status-publish","hentry"],"_links":{"self":[{"href":"https:\/\/www.heinojadesign.com\/index.php?rest_route=\/wp\/v2\/pages\/13","targetHints":{"allow":["GET"]}}],"collection":[{"href":"https:\/\/www.heinojadesign.com\/index.php?rest_route=\/wp\/v2\/pages"}],"about":[{"href":"https:\/\/www.heinojadesign.com\/index.php?rest_route=\/wp\/v2\/types\/page"}],"author":[{"embeddable":true,"href":"https:\/\/www.heinojadesign.com\/index.php?rest_route=\/wp\/v2\/users\/1"}],"replies":[{"embeddable":true,"href":"https:\/\/www.heinojadesign.com\/index.php?rest_route=%2Fwp%2Fv2%2Fcomments&post=13"}],"version-history":[{"count":6,"href":"https:\/\/www.heinojadesign.com\/index.php?rest_route=\/wp\/v2\/pages\/13\/revisions"}],"predecessor-version":[{"id":548,"href":"https:\/\/www.heinojadesign.com\/index.php?rest_route=\/wp\/v2\/pages\/13\/revisions\/548"}],"wp:attachment":[{"href":"https:\/\/www.heinojadesign.com\/index.php?rest_route=%2Fwp%2Fv2%2Fmedia&parent=13"}],"curies":[{"name":"wp","href":"https:\/\/api.w.org\/{rel}","templated":true}]}}