{"id":15,"date":"2016-01-18T06:52:37","date_gmt":"2016-01-18T06:52:37","guid":{"rendered":"http:\/\/www.heinojadesign.com\/?page_id=15"},"modified":"2022-02-28T07:44:08","modified_gmt":"2022-02-28T07:44:08","slug":"juhlamekot","status":"publish","type":"page","link":"https:\/\/www.heinojadesign.com\/?page_id=15","title":{"rendered":"Juhlamekot"},"content":{"rendered":"\n<h1 class=\"wp-block-heading\">Upeana juhlaan kuin juhlaan<\/h1>\n\n\n\n<hr class=\"wp-block-separator is-style-wide\"\/>\n\n\n\n<p>Heinoja Design suunnittelee juhlamekkojen lis\u00e4ksi my\u00f6s h\u00e4\u00e4pukuja. Ota meid\u00e4t osaksi onnellista p\u00e4iv\u00e4\u00e4si ja tehd\u00e4\u00e4n yhdess\u00e4 sinulle unelmiesi h\u00e4\u00e4puku. My\u00f6s juhlien vieraat saavat liikkeest\u00e4 juhlaan sopivat mekot samalla.<\/p>\n\n\n\n<p>Juhla-asujen ja erityisesti h\u00e4\u00e4pukujenh suunnitteluun ja tekemiseen kannattaa varata aikaa. Tule siis ajoissa kertomaan toiveesi.<\/p>\n","protected":false},"excerpt":{"rendered":"<p>Upeana juhlaan kuin juhlaan Heinoja Design suunnittelee juhlamekkojen lis\u00e4ksi my\u00f6s h\u00e4\u00e4pukuja. Ota meid\u00e4t osaksi onnellista p\u00e4iv\u00e4\u00e4si ja tehd\u00e4\u00e4n yhdess\u00e4 sinulle unelmiesi h\u00e4\u00e4puku. My\u00f6s juhlien vieraat saavat liikkeest\u00e4 juhlaan sopivat mekot samalla. Juhla-asujen ja erityisesti h\u00e4\u00e4pukujenh suunnitteluun ja tekemiseen kannattaa varata aikaa. Tule siis ajoissa kertomaan toiveesi.<\/p>\n","protected":false},"author":1,"featured_media":0,"parent":0,"menu_order":0,"comment_status":"closed","ping_status":"closed","template":"","meta":{"footnotes":""},"class_list":["post-15","page","type-page","status-publish","hentry"],"_links":{"self":[{"href":"https:\/\/www.heinojadesign.com\/index.php?rest_route=\/wp\/v2\/pages\/15","targetHints":{"allow":["GET"]}}],"collection":[{"href":"https:\/\/www.heinojadesign.com\/index.php?rest_route=\/wp\/v2\/pages"}],"about":[{"href":"https:\/\/www.heinojadesign.com\/index.php?rest_route=\/wp\/v2\/types\/page"}],"author":[{"embeddable":true,"href":"https:\/\/www.heinojadesign.com\/index.php?rest_route=\/wp\/v2\/users\/1"}],"replies":[{"embeddable":true,"href":"https:\/\/www.heinojadesign.com\/index.php?rest_route=%2Fwp%2Fv2%2Fcomments&post=15"}],"version-history":[{"count":6,"href":"https:\/\/www.heinojadesign.com\/index.php?rest_route=\/wp\/v2\/pages\/15\/revisions"}],"predecessor-version":[{"id":550,"href":"https:\/\/www.heinojadesign.com\/index.php?rest_route=\/wp\/v2\/pages\/15\/revisions\/550"}],"wp:attachment":[{"href":"https:\/\/www.heinojadesign.com\/index.php?rest_route=%2Fwp%2Fv2%2Fmedia&parent=15"}],"curies":[{"name":"wp","href":"https:\/\/api.w.org\/{rel}","templated":true}]}}