{"id":19,"date":"2016-01-18T06:52:56","date_gmt":"2016-01-18T06:52:56","guid":{"rendered":"http:\/\/www.heinojadesign.com\/?page_id=19"},"modified":"2022-02-28T07:52:08","modified_gmt":"2022-02-28T07:52:08","slug":"ulkovaatteet","status":"publish","type":"page","link":"https:\/\/www.heinojadesign.com\/?page_id=19","title":{"rendered":"Ulkovaatteet"},"content":{"rendered":"\n<h2 class=\"wp-block-heading\">L\u00e4mmint\u00e4 juhlaan ja arkeen<\/h2>\n\n\n\n<hr class=\"wp-block-separator is-style-wide\"\/>\n\n\n\n<p>Juhlallisen asukokonaisuuden kruunaa l\u00e4mmin takki, shaali tai vaikka poncho. Talven juhliin tai arkeen saat meilt\u00e4 l\u00e4mmint\u00e4 ylle. Tule liikkeeseen tutustumaan valmiisiin tuotteisiin tai valitse kangasvaihtoehdoista mieleisesi ja teet\u00e4 unelmiesi takki.<\/p>\n","protected":false},"excerpt":{"rendered":"<p>L\u00e4mmint\u00e4 juhlaan ja arkeen Juhlallisen asukokonaisuuden kruunaa l\u00e4mmin takki, shaali tai vaikka poncho. Talven juhliin tai arkeen saat meilt\u00e4 l\u00e4mmint\u00e4 ylle. Tule liikkeeseen tutustumaan valmiisiin tuotteisiin tai valitse kangasvaihtoehdoista mieleisesi ja teet\u00e4 unelmiesi takki.<\/p>\n","protected":false},"author":1,"featured_media":0,"parent":0,"menu_order":0,"comment_status":"closed","ping_status":"closed","template":"","meta":{"footnotes":""},"class_list":["post-19","page","type-page","status-publish","hentry"],"_links":{"self":[{"href":"https:\/\/www.heinojadesign.com\/index.php?rest_route=\/wp\/v2\/pages\/19","targetHints":{"allow":["GET"]}}],"collection":[{"href":"https:\/\/www.heinojadesign.com\/index.php?rest_route=\/wp\/v2\/pages"}],"about":[{"href":"https:\/\/www.heinojadesign.com\/index.php?rest_route=\/wp\/v2\/types\/page"}],"author":[{"embeddable":true,"href":"https:\/\/www.heinojadesign.com\/index.php?rest_route=\/wp\/v2\/users\/1"}],"replies":[{"embeddable":true,"href":"https:\/\/www.heinojadesign.com\/index.php?rest_route=%2Fwp%2Fv2%2Fcomments&post=19"}],"version-history":[{"count":4,"href":"https:\/\/www.heinojadesign.com\/index.php?rest_route=\/wp\/v2\/pages\/19\/revisions"}],"predecessor-version":[{"id":553,"href":"https:\/\/www.heinojadesign.com\/index.php?rest_route=\/wp\/v2\/pages\/19\/revisions\/553"}],"wp:attachment":[{"href":"https:\/\/www.heinojadesign.com\/index.php?rest_route=%2Fwp%2Fv2%2Fmedia&parent=19"}],"curies":[{"name":"wp","href":"https:\/\/api.w.org\/{rel}","templated":true}]}}