{"id":23,"date":"2016-01-18T06:53:21","date_gmt":"2016-01-18T06:53:21","guid":{"rendered":"http:\/\/www.heinojadesign.com\/?page_id=23"},"modified":"2016-01-18T15:20:31","modified_gmt":"2016-01-18T15:20:31","slug":"taide","status":"publish","type":"page","link":"https:\/\/www.heinojadesign.com\/?page_id=23","title":{"rendered":"Taide"},"content":{"rendered":"<h2>Lempikuvat eloon maalauksina<\/h2>\n<p>Onko sinulla jokin lempi valokuva mist\u00e4 haluaisit maalauksen sein\u00e4llesi? Vai oletko aina halunut kuvastasi kauniin lyijykuvaversion?\u00a0Tule n\u00e4ytt\u00e4m\u00e4\u00e4n kuvaa ja katsotaan yhdess\u00e4 miten kuva her\u00e4\u00e4 eloon.<\/p>\n<p>T\u00f6iden hinnoittelu on tapauskohtaista riippuen ty\u00f6h\u00f6n menev\u00e4st\u00e4 ajasta. Voit my\u00f6s <a href=\"mailto:jonna.heinoja@gmail.com\">l\u00e4hett\u00e4\u00e4<\/a> minulle kuvasi ja l\u00e4het\u00e4n sinulle tarjouksen. Muista mainita kuinka suuren kuvan haluat.<\/p>\n<!-- Final Tiles Grid Gallery for WordPress v3.6.13 free --><style>#ftg-88 .tile .icon { color:#ffffff; }#ftg-88 .ftg-items .loading-bar i { background:#fff; }#ftg-88 .ftg-items .loading-bar { background:#fff; }#ftg-88 .tile .icon { font-size:12px; }#ftg-88 .tile .icon { margin: -6px 0 0 -6px; }#ftg-88 .tile .caption-block .text-wrapper span.text { font-size:12px; }#ftg-88 .tile .caption-outside .text-wrapper span.text { font-size:12px; }#ftg-88 .tile .caption-block .text-wrapper span.title { font-size:14px; }#ftg-88 .tile .caption-outside .text-wrapper span.title { font-size:14px; }#ftg-88 .tile { background-color: transparent; }#ftg-88 .tile .caption-block .text-wrapper span.text { color: #ffffff; }#ftg-88 .tile .caption-block .text-wrapper span.title { color: #ffffff; }#ftg-88 .tile .caption-outside .text-wrapper span.text { color: #ffffff; }#ftg-88 .tile .caption-outside .text-wrapper span.title { color: #ffffff; }#ftg-88 .tile .ftg-social a { color: #ffffff; }#ftg-88 .tile .caption-block { transition-timing-function:linear; }#ftg-88 .tile .caption-block { transition-duration:0.25s; }#ftg-88 .tile .tile-inner:before { background-color: #000000; }#ftg-88 .tile .tile-inner:before { background-color: rgba(0, 0, 0, 0.8); }#ftg-88 .tile:hover img {-moz-transform: ;-webkit-transform: ;-o-transform: ;-ms-transform: ;transform: ;}<\/style><a name=\"8\"><\/a><div class=\"final-tiles-gallery  ftg-hover-enabled caption-inside  caption-none caption-middle caption-center\" id=\"ftg-88\" style=\"width: 100%\"><div class='ftg-items'><div class='loading-bar'><i><\/i><\/div><div  class='tile ftg-preload  '><a title=\"\" data-lightbox='ftg-88' rel='ftg-88'  class=' tile-inner  ftg-lightbox' href='https:\/\/www.heinojadesign.com\/wp-content\/uploads\/2016\/01\/2014-07-31-488-575x1024.jpg' ><img alt='' class='item skip-lazy' data-class='item' data-ftg-source='http:\/\/www.heinojadesign.com\/wp-content\/uploads\/2016\/01\/2014-07-31-488-150x150.jpg' src='http:\/\/www.heinojadesign.com\/wp-content\/uploads\/2016\/01\/2014-07-31-488-150x150.jpg' width='1439' height='2560' \/><\/a><div class='ftg-social'><\/div><\/div><div  class='tile ftg-preload  '><a title=\"\" data-lightbox='ftg-88' rel='ftg-88'  class=' tile-inner  ftg-lightbox' href='https:\/\/www.heinojadesign.com\/wp-content\/uploads\/2016\/01\/DSC01639-1024x685.jpg' ><img alt='' class='item skip-lazy' data-class='item' data-ftg-source='http:\/\/www.heinojadesign.com\/wp-content\/uploads\/2016\/01\/DSC01639-150x150.jpg' src='http:\/\/www.heinojadesign.com\/wp-content\/uploads\/2016\/01\/DSC01639-150x150.jpg' width='2560' height='1714' \/><\/a><div class='ftg-social'><\/div><\/div><div  class='tile ftg-preload  '><a title=\"\" data-lightbox='ftg-88' rel='ftg-88'  class=' tile-inner  ftg-lightbox' href='https:\/\/www.heinojadesign.com\/wp-content\/uploads\/2016\/01\/DSC01644-685x1024.jpg' ><img alt='' class='item skip-lazy' data-class='item' data-ftg-source='http:\/\/www.heinojadesign.com\/wp-content\/uploads\/2016\/01\/DSC01644-150x150.jpg' src='http:\/\/www.heinojadesign.com\/wp-content\/uploads\/2016\/01\/DSC01644-150x150.jpg' width='1714' height='2560' \/><\/a><div class='ftg-social'><\/div><\/div><div  class='tile ftg-preload  '><a title=\"\" data-lightbox='ftg-88' rel='ftg-88'  class=' tile-inner  ftg-lightbox' href='https:\/\/www.heinojadesign.com\/wp-content\/uploads\/2016\/01\/lohikaarme.jpg' ><img alt='' class='item skip-lazy' data-class='item' data-ftg-source='http:\/\/www.heinojadesign.com\/wp-content\/uploads\/2016\/01\/lohikaarme-150x150.jpg' src='http:\/\/www.heinojadesign.com\/wp-content\/uploads\/2016\/01\/lohikaarme-150x150.jpg' width='363' height='265' \/><\/a><div class='ftg-social'><\/div><\/div><div  class='tile ftg-preload  '><a title=\"\" data-lightbox='ftg-88' rel='ftg-88'  class=' tile-inner  ftg-lightbox' href='https:\/\/www.heinojadesign.com\/wp-content\/uploads\/2016\/01\/nukkuva.jpg' ><img alt='' class='item skip-lazy' data-class='item' data-ftg-source='http:\/\/www.heinojadesign.com\/wp-content\/uploads\/2016\/01\/nukkuva-150x150.jpg' src='http:\/\/www.heinojadesign.com\/wp-content\/uploads\/2016\/01\/nukkuva-150x150.jpg' width='335' height='232' \/><\/a><div class='ftg-social'><\/div><\/div><div  class='tile ftg-preload  '><a title=\"\" data-lightbox='ftg-88' rel='ftg-88'  class=' tile-inner  ftg-lightbox' href='https:\/\/www.heinojadesign.com\/wp-content\/uploads\/2016\/01\/piirretty_nainen.jpg' ><img alt='' class='item skip-lazy' data-class='item' data-ftg-source='http:\/\/www.heinojadesign.com\/wp-content\/uploads\/2016\/01\/piirretty_nainen-150x150.jpg' src='http:\/\/www.heinojadesign.com\/wp-content\/uploads\/2016\/01\/piirretty_nainen-150x150.jpg' width='335' height='443' \/><\/a><div class='ftg-social'><\/div><\/div><div  class='tile ftg-preload  '><a title=\"\" data-lightbox='ftg-88' rel='ftg-88'  class=' tile-inner  ftg-lightbox' href='https:\/\/www.heinojadesign.com\/wp-content\/uploads\/2016\/01\/taulu_alastonmalli1.jpg' ><img alt='' class='item skip-lazy' data-class='item' data-ftg-source='http:\/\/www.heinojadesign.com\/wp-content\/uploads\/2016\/01\/taulu_alastonmalli1-150x150.jpg' src='http:\/\/www.heinojadesign.com\/wp-content\/uploads\/2016\/01\/taulu_alastonmalli1-150x150.jpg' width='558' height='439' \/><\/a><div class='ftg-social'><\/div><\/div><div  class='tile ftg-preload  '><a title=\"\" data-lightbox='ftg-88' rel='ftg-88'  class=' tile-inner  ftg-lightbox' href='https:\/\/www.heinojadesign.com\/wp-content\/uploads\/2016\/01\/taulu_alastonnainen.jpg' ><img alt='' class='item skip-lazy' data-class='item' data-ftg-source='http:\/\/www.heinojadesign.com\/wp-content\/uploads\/2016\/01\/taulu_alastonnainen-150x150.jpg' src='http:\/\/www.heinojadesign.com\/wp-content\/uploads\/2016\/01\/taulu_alastonnainen-150x150.jpg' width='420' height='478' \/><\/a><div class='ftg-social'><\/div><\/div><div  class='tile ftg-preload  '><a title=\"\" data-lightbox='ftg-88' rel='ftg-88'  class=' tile-inner  ftg-lightbox' href='https:\/\/www.heinojadesign.com\/wp-content\/uploads\/2016\/01\/taulu_kuu.jpg' ><img alt='' class='item skip-lazy' data-class='item' data-ftg-source='http:\/\/www.heinojadesign.com\/wp-content\/uploads\/2016\/01\/taulu_kuu-150x150.jpg' src='http:\/\/www.heinojadesign.com\/wp-content\/uploads\/2016\/01\/taulu_kuu-150x150.jpg' width='377' height='500' \/><\/a><div class='ftg-social'><\/div><\/div><div  class='tile ftg-preload  '><a title=\"\" data-lightbox='ftg-88' rel='ftg-88'  class=' tile-inner  ftg-lightbox' href='https:\/\/www.heinojadesign.com\/wp-content\/uploads\/2016\/01\/taulu_maisema.jpg' ><img alt='' class='item skip-lazy' data-class='item' data-ftg-source='http:\/\/www.heinojadesign.com\/wp-content\/uploads\/2016\/01\/taulu_maisema-150x150.jpg' src='http:\/\/www.heinojadesign.com\/wp-content\/uploads\/2016\/01\/taulu_maisema-150x150.jpg' width='340' height='500' \/><\/a><div class='ftg-social'><\/div><\/div><\/div><\/div>\n","protected":false},"excerpt":{"rendered":"<p>Lempikuvat eloon maalauksina Onko sinulla jokin lempi valokuva mist\u00e4 haluaisit maalauksen sein\u00e4llesi? Vai oletko aina halunut kuvastasi kauniin lyijykuvaversion?\u00a0Tule n\u00e4ytt\u00e4m\u00e4\u00e4n kuvaa ja katsotaan yhdess\u00e4 miten kuva her\u00e4\u00e4 eloon. T\u00f6iden hinnoittelu on tapauskohtaista riippuen ty\u00f6h\u00f6n menev\u00e4st\u00e4 ajasta. Voit my\u00f6s l\u00e4hett\u00e4\u00e4 minulle kuvasi ja l\u00e4het\u00e4n sinulle tarjouksen. Muista mainita kuinka suuren kuvan haluat.<\/p>\n","protected":false},"author":1,"featured_media":0,"parent":0,"menu_order":0,"comment_status":"closed","ping_status":"closed","template":"","meta":{"footnotes":""},"class_list":["post-23","page","type-page","status-publish","hentry"],"_links":{"self":[{"href":"https:\/\/www.heinojadesign.com\/index.php?rest_route=\/wp\/v2\/pages\/23","targetHints":{"allow":["GET"]}}],"collection":[{"href":"https:\/\/www.heinojadesign.com\/index.php?rest_route=\/wp\/v2\/pages"}],"about":[{"href":"https:\/\/www.heinojadesign.com\/index.php?rest_route=\/wp\/v2\/types\/page"}],"author":[{"embeddable":true,"href":"https:\/\/www.heinojadesign.com\/index.php?rest_route=\/wp\/v2\/users\/1"}],"replies":[{"embeddable":true,"href":"https:\/\/www.heinojadesign.com\/index.php?rest_route=%2Fwp%2Fv2%2Fcomments&post=23"}],"version-history":[{"count":2,"href":"https:\/\/www.heinojadesign.com\/index.php?rest_route=\/wp\/v2\/pages\/23\/revisions"}],"predecessor-version":[{"id":177,"href":"https:\/\/www.heinojadesign.com\/index.php?rest_route=\/wp\/v2\/pages\/23\/revisions\/177"}],"wp:attachment":[{"href":"https:\/\/www.heinojadesign.com\/index.php?rest_route=%2Fwp%2Fv2%2Fmedia&parent=23"}],"curies":[{"name":"wp","href":"https:\/\/api.w.org\/{rel}","templated":true}]}}