{"id":315,"date":"2021-09-29T18:55:16","date_gmt":"2021-09-29T18:55:16","guid":{"rendered":"https:\/\/www.heinojadesign.com\/?post_type=product&#038;p=315"},"modified":"2021-09-29T18:55:17","modified_gmt":"2021-09-29T18:55:17","slug":"juhlapaita","status":"publish","type":"product","link":"https:\/\/www.heinojadesign.com\/?product=juhlapaita","title":{"rendered":"Juhlapaita"},"content":{"rendered":"<p>T\u00e4m\u00e4 punamusta juhlapusero sopii vaikka tulevaa pikkujoulu ja joulu kauteen. Mustat harso hihat ja kaulus tuovat persoonallisuutta paitaan. Punaisen miehusta kankaan saa toivomassaan v\u00e4riss\u00e4. Pituus sel\u00e4ss\u00e4 63cm.<\/p>\n<p>Materiaalit: harso 100 % polyesteri\u00e4, punainen miehustakangas 97% puuvillaa ja 3% elastania.<\/p>\n<p>Koko: Tutustu t\u00e4st\u00e4 kokotaulukkoon https:\/\/www.heinojadesign.com\/tuote\/koot-ja-niiden-mitat\/<\/p>\n","protected":false},"excerpt":{"rendered":"<p>Suomessa k\u00e4sin tehty juhlapusero.<\/p>\n","protected":false},"featured_media":98,"comment_status":"closed","ping_status":"closed","template":"","meta":[],"product_brand":[],"product_cat":[19],"product_tag":[52,21,34,20,22,48],"class_list":{"0":"post-315","1":"product","2":"type-product","3":"status-publish","4":"has-post-thumbnail","6":"product_cat-vaatteet","7":"product_tag-harsopaita","8":"product_tag-juhlapaita","9":"product_tag-musta","10":"product_tag-paita","11":"product_tag-punainen","12":"product_tag-pusero","14":"first","15":"instock","16":"shipping-taxable","17":"purchasable","18":"product-type-simple"},"_links":{"self":[{"href":"https:\/\/www.heinojadesign.com\/index.php?rest_route=\/wp\/v2\/product\/315","targetHints":{"allow":["GET"]}}],"collection":[{"href":"https:\/\/www.heinojadesign.com\/index.php?rest_route=\/wp\/v2\/product"}],"about":[{"href":"https:\/\/www.heinojadesign.com\/index.php?rest_route=\/wp\/v2\/types\/product"}],"replies":[{"embeddable":true,"href":"https:\/\/www.heinojadesign.com\/index.php?rest_route=%2Fwp%2Fv2%2Fcomments&post=315"}],"wp:featuredmedia":[{"embeddable":true,"href":"https:\/\/www.heinojadesign.com\/index.php?rest_route=\/wp\/v2\/media\/98"}],"wp:attachment":[{"href":"https:\/\/www.heinojadesign.com\/index.php?rest_route=%2Fwp%2Fv2%2Fmedia&parent=315"}],"wp:term":[{"taxonomy":"product_brand","embeddable":true,"href":"https:\/\/www.heinojadesign.com\/index.php?rest_route=%2Fwp%2Fv2%2Fproduct_brand&post=315"},{"taxonomy":"product_cat","embeddable":true,"href":"https:\/\/www.heinojadesign.com\/index.php?rest_route=%2Fwp%2Fv2%2Fproduct_cat&post=315"},{"taxonomy":"product_tag","embeddable":true,"href":"https:\/\/www.heinojadesign.com\/index.php?rest_route=%2Fwp%2Fv2%2Fproduct_tag&post=315"}],"curies":[{"name":"wp","href":"https:\/\/api.w.org\/{rel}","templated":true}]}}