{"id":324,"date":"2021-09-26T10:53:24","date_gmt":"2021-09-26T10:53:24","guid":{"rendered":"https:\/\/www.heinojadesign.com\/?post_type=product&#038;p=324"},"modified":"2021-09-29T19:35:11","modified_gmt":"2021-09-29T19:35:11","slug":"pinkkimustat-rengaskorvakorut","status":"publish","type":"product","link":"https:\/\/www.heinojadesign.com\/?product=pinkkimustat-rengaskorvakorut","title":{"rendered":"Pinkkimustat rengaskorvakorut"},"content":{"rendered":"<p>Rengaskorvakorut kauniilla pinkeill\u00e4 ja pienemmill\u00e4 mustilla helmill\u00e4.<\/p>\n<p>Metalli: Ruostumaton ter\u00e4s 316L<\/p>\n<p>Koko: 30mm, ainevahvuus 0,8mm<\/p>\n<p>Helmet: Akryylia<\/p>\n","protected":false},"excerpt":{"rendered":"<p>Suomessa k\u00e4sin tehdyt rengaskorvakorut pinkeill\u00e4 ja mustilla helmill\u00e4.<\/p>\n","protected":false},"featured_media":325,"comment_status":"closed","ping_status":"closed","template":"","meta":[],"product_brand":[],"product_cat":[23],"product_tag":[33,26,29,34,28,32],"class_list":{"0":"post-324","1":"product","2":"type-product","3":"status-publish","4":"has-post-thumbnail","6":"product_cat-korut","7":"product_tag-helmet","8":"product_tag-korut","9":"product_tag-korvakorut","10":"product_tag-musta","11":"product_tag-pinkki","12":"product_tag-rengas","14":"first","15":"instock","16":"shipping-taxable","17":"purchasable","18":"product-type-simple"},"_links":{"self":[{"href":"https:\/\/www.heinojadesign.com\/index.php?rest_route=\/wp\/v2\/product\/324","targetHints":{"allow":["GET"]}}],"collection":[{"href":"https:\/\/www.heinojadesign.com\/index.php?rest_route=\/wp\/v2\/product"}],"about":[{"href":"https:\/\/www.heinojadesign.com\/index.php?rest_route=\/wp\/v2\/types\/product"}],"replies":[{"embeddable":true,"href":"https:\/\/www.heinojadesign.com\/index.php?rest_route=%2Fwp%2Fv2%2Fcomments&post=324"}],"wp:featuredmedia":[{"embeddable":true,"href":"https:\/\/www.heinojadesign.com\/index.php?rest_route=\/wp\/v2\/media\/325"}],"wp:attachment":[{"href":"https:\/\/www.heinojadesign.com\/index.php?rest_route=%2Fwp%2Fv2%2Fmedia&parent=324"}],"wp:term":[{"taxonomy":"product_brand","embeddable":true,"href":"https:\/\/www.heinojadesign.com\/index.php?rest_route=%2Fwp%2Fv2%2Fproduct_brand&post=324"},{"taxonomy":"product_cat","embeddable":true,"href":"https:\/\/www.heinojadesign.com\/index.php?rest_route=%2Fwp%2Fv2%2Fproduct_cat&post=324"},{"taxonomy":"product_tag","embeddable":true,"href":"https:\/\/www.heinojadesign.com\/index.php?rest_route=%2Fwp%2Fv2%2Fproduct_tag&post=324"}],"curies":[{"name":"wp","href":"https:\/\/api.w.org\/{rel}","templated":true}]}}