{"id":352,"date":"2021-09-29T19:09:39","date_gmt":"2021-09-29T19:09:39","guid":{"rendered":"https:\/\/www.heinojadesign.com\/?post_type=product&#038;p=352"},"modified":"2021-09-29T19:09:39","modified_gmt":"2021-09-29T19:09:39","slug":"mustavalkoinen-tunika","status":"publish","type":"product","link":"https:\/\/www.heinojadesign.com\/?product=mustavalkoinen-tunika","title":{"rendered":"Mustavalkoinen tunika"},"content":{"rendered":"<p>T\u00e4m\u00e4 mustavalkoinen trikkootunika on rinnasta ja vy\u00f6t\u00e4r\u00f6st\u00e4 suhteelisen istuva ja kellottuu hieman helmaa kohti. P\u00e4\u00e4ntiell\u00e4 valkoinen kanttaus ja hihansuissa valkoiset k\u00e4\u00e4nteet, jolla pystyy k\u00e4tev\u00e4sti s\u00e4\u00e4t\u00e4m\u00e4\u00e4n hihan pituutta.<\/p>\n<p>Paidan pituus 83cm.<\/p>\n<p>Materiaali: 97% puuvillaa ja 3% elastania<\/p>\n<p>Hoito-ohjeet: 30 asteen pesu, kahden pisteen silitys<\/p>\n<p>Koko: tutustu t\u00e4st\u00e4 kokotaulukkoon https:\/\/www.heinojadesign.com\/tuote\/koot-ja-niiden-mitat\/<\/p>\n","protected":false},"excerpt":{"rendered":"<p>Suomessa k\u00e4sin tehty mustavalkoinen tunika.<\/p>\n","protected":false},"featured_media":347,"comment_status":"closed","ping_status":"closed","template":"","meta":[],"product_brand":[],"product_cat":[19],"product_tag":[34,62,63,60,61],"class_list":{"0":"post-352","1":"product","2":"type-product","3":"status-publish","4":"has-post-thumbnail","6":"product_cat-vaatteet","7":"product_tag-musta","8":"product_tag-raidallinen","9":"product_tag-trikoo","10":"product_tag-tunika","11":"product_tag-valko","13":"first","14":"instock","15":"shipping-taxable","16":"purchasable","17":"product-type-simple"},"_links":{"self":[{"href":"https:\/\/www.heinojadesign.com\/index.php?rest_route=\/wp\/v2\/product\/352","targetHints":{"allow":["GET"]}}],"collection":[{"href":"https:\/\/www.heinojadesign.com\/index.php?rest_route=\/wp\/v2\/product"}],"about":[{"href":"https:\/\/www.heinojadesign.com\/index.php?rest_route=\/wp\/v2\/types\/product"}],"replies":[{"embeddable":true,"href":"https:\/\/www.heinojadesign.com\/index.php?rest_route=%2Fwp%2Fv2%2Fcomments&post=352"}],"wp:featuredmedia":[{"embeddable":true,"href":"https:\/\/www.heinojadesign.com\/index.php?rest_route=\/wp\/v2\/media\/347"}],"wp:attachment":[{"href":"https:\/\/www.heinojadesign.com\/index.php?rest_route=%2Fwp%2Fv2%2Fmedia&parent=352"}],"wp:term":[{"taxonomy":"product_brand","embeddable":true,"href":"https:\/\/www.heinojadesign.com\/index.php?rest_route=%2Fwp%2Fv2%2Fproduct_brand&post=352"},{"taxonomy":"product_cat","embeddable":true,"href":"https:\/\/www.heinojadesign.com\/index.php?rest_route=%2Fwp%2Fv2%2Fproduct_cat&post=352"},{"taxonomy":"product_tag","embeddable":true,"href":"https:\/\/www.heinojadesign.com\/index.php?rest_route=%2Fwp%2Fv2%2Fproduct_tag&post=352"}],"curies":[{"name":"wp","href":"https:\/\/api.w.org\/{rel}","templated":true}]}}