{"id":369,"date":"2021-10-04T20:02:23","date_gmt":"2021-10-04T20:02:23","guid":{"rendered":"https:\/\/www.heinojadesign.com\/?post_type=product&#038;p=369"},"modified":"2021-10-05T18:53:53","modified_gmt":"2021-10-05T18:53:53","slug":"sininen-lehtikorvakoru","status":"publish","type":"product","link":"https:\/\/www.heinojadesign.com\/?product=sininen-lehtikorvakoru","title":{"rendered":"Sininen lehtikorvakoru"},"content":{"rendered":"<p>Kaunis ja kevyt, roikkuva lehtikorvakoru. Useita v\u00e4rivaihtoehtoja.<\/p>\n<p>Lehti: huurrutettua akryylia,<em> 24x23mm<\/em><\/p>\n<p>Korvakoru\u00a0 koukku: Kirkas hopea, Koko: 19x17mm<br \/>\nAinevahvuus: 0,7mm<\/p>\n<p>Tutustu t\u00e4st\u00e4 muihin v\u00e4rivaihtoehtoihin:<\/p>\n<p>https:\/\/www.heinojadesign.com\/tuote\/limenvihrea-lehtikorvakoru\/<\/p>\n<p>https:\/\/www.heinojadesign.com\/tuote\/lehtikorvakoru\/<\/p>\n","protected":false},"excerpt":{"rendered":"<p>Suomessa k\u00e4sin tehty roikkuvat, siniset lehtikorvakorut.<\/p>\n","protected":false},"featured_media":365,"comment_status":"closed","ping_status":"closed","template":"","meta":[],"product_brand":[],"product_cat":[23],"product_tag":[26,29,79,27,85,30],"class_list":{"0":"post-369","1":"product","2":"type-product","3":"status-publish","4":"has-post-thumbnail","6":"product_cat-korut","7":"product_tag-korut","8":"product_tag-korvakorut","9":"product_tag-korvikset","10":"product_tag-lehti","11":"product_tag-roikkuvat-korvakorut","12":"product_tag-sininen","14":"first","15":"instock","16":"shipping-taxable","17":"purchasable","18":"product-type-simple"},"_links":{"self":[{"href":"https:\/\/www.heinojadesign.com\/index.php?rest_route=\/wp\/v2\/product\/369","targetHints":{"allow":["GET"]}}],"collection":[{"href":"https:\/\/www.heinojadesign.com\/index.php?rest_route=\/wp\/v2\/product"}],"about":[{"href":"https:\/\/www.heinojadesign.com\/index.php?rest_route=\/wp\/v2\/types\/product"}],"replies":[{"embeddable":true,"href":"https:\/\/www.heinojadesign.com\/index.php?rest_route=%2Fwp%2Fv2%2Fcomments&post=369"}],"wp:featuredmedia":[{"embeddable":true,"href":"https:\/\/www.heinojadesign.com\/index.php?rest_route=\/wp\/v2\/media\/365"}],"wp:attachment":[{"href":"https:\/\/www.heinojadesign.com\/index.php?rest_route=%2Fwp%2Fv2%2Fmedia&parent=369"}],"wp:term":[{"taxonomy":"product_brand","embeddable":true,"href":"https:\/\/www.heinojadesign.com\/index.php?rest_route=%2Fwp%2Fv2%2Fproduct_brand&post=369"},{"taxonomy":"product_cat","embeddable":true,"href":"https:\/\/www.heinojadesign.com\/index.php?rest_route=%2Fwp%2Fv2%2Fproduct_cat&post=369"},{"taxonomy":"product_tag","embeddable":true,"href":"https:\/\/www.heinojadesign.com\/index.php?rest_route=%2Fwp%2Fv2%2Fproduct_tag&post=369"}],"curies":[{"name":"wp","href":"https:\/\/api.w.org\/{rel}","templated":true}]}}